{"id":70,"date":"2021-04-08T12:06:15","date_gmt":"2021-04-08T12:06:15","guid":{"rendered":"https:\/\/www.cssigniter.com\/demos\/milos\/?page_id=70"},"modified":"2023-04-01T15:41:36","modified_gmt":"2023-04-01T18:41:36","slug":"about-2","status":"publish","type":"page","link":"https:\/\/posadadecampoelcapricho.uy\/index.php\/about-2\/","title":{"rendered":"Nosotros"},"content":{"rendered":"\n<figure id=\"block-68b0af-ac6c-48\" class=\"wp-block-gutenbee-image block-68b0af-ac6c-48 alignwide size-full is-style-ignition-milos-border-image\"><img loading=\"lazy\" decoding=\"async\" width=\"1024\" height=\"576\" src=\"https:\/\/posadadecampoelcapricho.uy\/wp-content\/uploads\/2023\/03\/about-1024x576.jpg\" alt=\"\" class=\"wp-image-354\" srcset=\"https:\/\/posadadecampoelcapricho.uy\/wp-content\/uploads\/2023\/03\/about-1024x576.jpg 1024w, https:\/\/posadadecampoelcapricho.uy\/wp-content\/uploads\/2023\/03\/about-300x169.jpg 300w, https:\/\/posadadecampoelcapricho.uy\/wp-content\/uploads\/2023\/03\/about-768x432.jpg 768w, https:\/\/posadadecampoelcapricho.uy\/wp-content\/uploads\/2023\/03\/about-1536x864.jpg 1536w, https:\/\/posadadecampoelcapricho.uy\/wp-content\/uploads\/2023\/03\/about.jpg 1920w\" sizes=\"auto, (max-width: 1024px) 100vw, 1024px\" \/><\/figure>\n\n\n\n<p class=\"is-style-ignition-milos-letter-stylized has-medium-font-size\">Ninguno de nosotros es tan bueno como todos nosotros juntos. Creamos un gran equipo con una base familiar que se potencia todos los d\u00edas con cada idea, cada propuesta y cada proceso para llegar a una meta. El &#8220;buque&#8221; que nos lleva siempre a tierra firme es la entrega y dedicaci\u00f3n hacia nuestros clientes, el ver que cada uno de nuestros hu\u00e9spedes est\u00e9 disfrutando de unas lindas vacaciones en nuestra Posada.<\/p>\n\n\n\n<h2 class=\"wp-block-heading\">Historia.<\/h2>\n\n\n\n<p>La Posada El Capricho se inicia dando honor al nombre.<br>Sus fundadores C\u00e9sar y Ana Mar\u00eda,\u00a0amantes de la vida simple y el descanso entre los cerros adquirieron la propiedad sin haberla visto nunca antes. La historia m\u00e1s sorprendente es que encontrar\u00edan en ese lugar su hogar y su modo de vida junto a sus cuatro hijos por los siguientes 30 a\u00f1os.<br>A principios de los noventa, Don C\u00e9sar \u00c1lvez, marino y t\u00e9cnico de grandes embarcaciones que surcaban aguas de Am\u00e9rica del Norte, Europa y llegaban a grandes ciudades cosmopolitas decidi\u00f3 encallar en aqu\u00ed donde luego pas\u00f3 a ser su refugio natural.<br>Ana Mar\u00eda, un ejemplo de trabajo y superaci\u00f3n, fue la gestora principal con una visi\u00f3n y fortaleza para los comienzos de El Capricho. Se instal\u00f3 en ese lugar en 1989 junto a sus hijos de 9, 6 y el menor de 4 a\u00f1os. <br>En 1996 luego de inaugurada la Quebrada de los Cuervos la profesora de geograf\u00eda de uno de sus hijos, Gladys Pereyra, decidi\u00f3 organizar una excursi\u00f3n con todo el grupo para visitar el lugar, al terminar el paseo invitaron al grupo de compa\u00f1eros a almorzar a lo que era en ese momento una sencilla casa de campo.<br>Esta adorable profesora -que adem\u00e1s era gu\u00eda tur\u00edstica- encantada con el lugar y el paisaje, le propuso a Ana Mar\u00eda acondicionar un espacio de la casa para llevar all\u00ed excursiones con visitantes, pensando tambi\u00e9n en incluir en la tarea a los hijos de ambas.<br>No fue una tarea f\u00e1cil por motivos econ\u00f3micos y comenz\u00f3 todo con mucha colaboraci\u00f3n, pintando, decorando, armando mesas y bancos. Con apoyo de la familia y vecinos se consiguieron utensilios de cocina y as\u00ed fue que el 20 de diciembre de 1996 se realiz\u00f3 el primer servicio.<br>Luego de eso se fueron renovando y modificando las instalaciones de la posada: a\u00f1os despu\u00e9s se construy\u00f3 una cocina industrial donde hoy en d\u00eda se elaboran productos de panader\u00eda y una planta de procesamiento de alimentos artesanales.<br>Con el paso del tiempo comenzaron a abrirse nuevos horizontes y a construir un lugar al que todos pudieran disfrutar y conocer su para\u00edso entre cerros y ca\u00f1adas.<br>Los invitamos a conocer este hermoso destino donde la tranquilidad prioriza los peque\u00f1os detalles de la vida.<br>Deseamos profundamente que su estad\u00eda sea tan hermosa como la viven sus propietarios.<\/p>\n\n\n\n<div id=\"block-cc2a7e-bd04-43\" class=\"wp-block-gutenbee-container block-cc2a7e-bd04-43\"><style>.wp-block-gutenbee-container.block-cc2a7e-bd04-43 { margin-bottom: -120px; }\n\n\n      @media (max-width: 991px) {\n        .wp-block-gutenbee-container.block-cc2a7e-bd04-43 { margin-bottom: 35px; }\n      }<\/style><div class=\"wp-block-gutenbee-container-inner\"><div class=\"wp-block-gutenbee-container-row wp-block-gutenbee-container-lg\">\n<div class=\"wp-block-gutenbee-column block-bce019-56b0-41\"><style>.wp-block-gutenbee-column.block-bce019-56b0-41 { flex-basis: 50%; }\n\n\n      @media (max-width: 991px) {\n        .wp-block-gutenbee-column.block-bce019-56b0-41 { flex-basis: 100%; }\n      }\n    \n\n      @media (max-width: 575px) {\n        .wp-block-gutenbee-column.block-bce019-56b0-41 { flex-basis: 100%; }\n      }<\/style><div class=\"wp-block-gutenbee-column-content\">\n<p id=\"block-d0ea83-89a5-48\" class=\"wp-block-gutenbee-paragraph block-d0ea83-89a5-48 has-text-color has-theme-dark-gray-color\"><strong>1994<\/strong><\/p><style>.wp-block-gutenbee-paragraph.block-d0ea83-89a5-48 { margin-bottom: 10px; padding-left: 30px; }<\/style>\n\n\n\n<div id=\"block-c4195f-d7d8-41\" class=\"wp-block-gutenbee-iconbox block-c4195f-d7d8-41 wp-block-gutenbee-iconbox-align-left\" style=\"background-color:#f9f9f9;border-color:#ffffff;border-style:solid;border-width:15px;border-radius:4px;box-shadow:0px 0px 20px 0px  rgba(0, 0, 0, 0.1)\"><style>.wp-block-gutenbee-iconbox.block-c4195f-d7d8-41 { margin-top: 0px;  margin-bottom: 0px; padding: 25px 25px 25px 25px; }\n.wp-block-gutenbee-iconbox.block-c4195f-d7d8-41 .gutenbee-icon-block { margin-right: 20px; }\n.wp-block-gutenbee-iconbox.block-c4195f-d7d8-41 .wp-block-gutenbee-iconbox-text { font-size: 15px; }\n.wp-block-gutenbee-iconbox.block-c4195f-d7d8-41 .wp-block-gutenbee-iconbox-title { font-size: 18px; }\n\n\n      @media (max-width: 575px) {\n        .wp-block-gutenbee-iconbox.block-c4195f-d7d8-41 .gutenbee-icon-block { margin-right: 0px; }\n      }<\/style><div id=\"block-c4195f-d7d8-41-icon\" class=\"block-c4195f-d7d8-41-icon gutenbee-icon-block align-left gutenbee-icon-block-framed gutenbee-icon-block-shape-circle\"><style>.wp-block-gutenbee-icon.block-c4195f-d7d8-41-icon { margin-right: 20px; }\n.gutenbee-icon-block.block-c4195f-d7d8-41-icon .gutenbee-icon-block-icon-wrap { font-size: 25px; }\n.gutenbee-icon-block.block-c4195f-d7d8-41-icon svg { width: 25px; height: 25px; }\n\n\n      @media (max-width: 575px) {\n        .wp-block-gutenbee-icon.block-c4195f-d7d8-41-icon { margin-right: 0px; }\n      }<\/style><span class=\"gutenbee-icon-block-icon-wrap\" style=\"color:#00a9ef;background-color:#ffffff;border-color:#00a9ef;width:2em;height:2em;border-width:3px\"><svg viewBox=\"0 0 24 24\" class=\"\" preserveAspectRatio=\"xMidYMid meet\"><path fill=\"#5c6671\" d=\"M23.846 11.139l-11.5-11c-.02-.019-.045-.028-.067-.043-.03-.02-.056-.044-.09-.058a.49.49 0 00-.169-.034c-.007 0-.012-.004-.019-.004s-.012.004-.019.004a.49.49 0 00-.169.034c-.034.014-.061.037-.09.058-.022.015-.047.024-.067.043l-11.5 11A.5.5 0 00.502 12h1.5v10c0 1.103.897 2 2 2h16c1.103 0 2-.897 2-2V12h1.5a.5.5 0 00.346-.861zM11 11c0-.551.449-1 1-1s1 .449 1 1c0 .741.282 1.166.53 1.541.252.379.47.707.47 1.459 0 1.103-.897 2-2 2s-2-.897-2-2c0-.752.218-1.08.47-1.459.249-.375.53-.799.53-1.541zm1-2c-.174 0-.339.029-.5.071v-.262l.5-.25.5.25v.262A1.966 1.966 0 0012 9zm9.5 2a.5.5 0 00-.5.5V22c0 .551-.449 1-1 1H4c-.551 0-1-.449-1-1V11.5a.5.5 0 00-.5-.5h-.754L11.5 1.67v6.021l-.724.362a.5.5 0 00-.276.447v1a.49.49 0 00.031.153A1.984 1.984 0 0010 11c0 .439-.145.658-.364.987C9.353 12.414 9 12.945 9 14c0 1.654 1.346 3 3 3s3-1.346 3-3c0-1.054-.353-1.586-.636-2.013-.219-.33-.364-.548-.364-.987 0-.52-.204-.99-.531-1.347A.49.49 0 0013.5 9.5v-1a.5.5 0 00-.276-.447l-.724-.362V1.67L22.254 11H21.5zm-5 2.5h1a.5.5 0 010 1h-1a.5.5 0 010-1zm-9 1h-1a.5.5 0 010-1h1a.5.5 0 010 1zm7.329-3.329a.5.5 0 010-.707l.707-.707a.5.5 0 01.707.707l-.707.707a.498.498 0 01-.708 0zm-5.658 5.658a.5.5 0 010 .707l-.707.707a.498.498 0 01-.708 0 .5.5 0 010-.707l.707-.707a.5.5 0 01.707 0zM12.5 18.5v1a.5.5 0 01-1 0v-1a.5.5 0 011 0zm-4.743-8.036a.5.5 0 01.707-.707l.707.707a.5.5 0 01-.708.707l-.707-.707zm8.486 7.072a.5.5 0 01-.708.707l-.707-.707a.5.5 0 01.707-.707l.707.707z\"><\/path><\/svg><\/span><\/div><div class=\"wp-block-gutenbee-iconbox-content\"><h4 class=\"wp-block-gutenbee-iconbox-title\" style=\"margin-bottom:15px\">Creaci\u00f3n de la Posada<\/h4><p class=\"wp-block-gutenbee-iconbox-text\">Con la colaboraci\u00f3n de la familia y vecinos la Posada fue formando sus primeros cimientos.<\/p><\/div><\/div>\n<\/div><\/div>\n\n\n\n<div class=\"wp-block-gutenbee-column block-b9052f-352d-45\"><style>.wp-block-gutenbee-column.block-b9052f-352d-45 { flex-basis: 50%; }\n\n\n      @media (max-width: 991px) {\n        .wp-block-gutenbee-column.block-b9052f-352d-45 { flex-basis: 100%; }\n      }\n    \n\n      @media (max-width: 575px) {\n        .wp-block-gutenbee-column.block-b9052f-352d-45 { flex-basis: 100%; }\n      }<\/style><div class=\"wp-block-gutenbee-column-content\"><\/div><\/div>\n<\/div><\/div><div class=\"wp-block-gutenbee-container-background\" data-parallax-speed=\"0.3\"><\/div><\/div>\n\n\n\n<div id=\"block-e509d6-acc7-48\" class=\"wp-block-gutenbee-container block-e509d6-acc7-48\"><style>.wp-block-gutenbee-container.block-e509d6-acc7-48 { margin-bottom: -80px; }\n\n\n      @media (max-width: 991px) {\n        .wp-block-gutenbee-container.block-e509d6-acc7-48 { margin-bottom: 35px; }\n      }<\/style><div class=\"wp-block-gutenbee-container-inner\"><div class=\"wp-block-gutenbee-container-row wp-block-gutenbee-container-lg\">\n<div class=\"wp-block-gutenbee-column block-ccf739-b026-4d\"><style>.wp-block-gutenbee-column.block-ccf739-b026-4d { flex-basis: 50%; }\n\n\n      @media (max-width: 991px) {\n        .wp-block-gutenbee-column.block-ccf739-b026-4d { flex-basis: 100%; }\n      }\n    \n\n      @media (max-width: 575px) {\n        .wp-block-gutenbee-column.block-ccf739-b026-4d { flex-basis: 100%; }\n      }<\/style><div class=\"wp-block-gutenbee-column-content\"><\/div><\/div>\n\n\n\n<div class=\"wp-block-gutenbee-column block-f70517-359c-43\"><style>.wp-block-gutenbee-column.block-f70517-359c-43 { flex-basis: 50%; }\n\n\n      @media (max-width: 991px) {\n        .wp-block-gutenbee-column.block-f70517-359c-43 { flex-basis: 100%; }\n      }\n    \n\n      @media (max-width: 575px) {\n        .wp-block-gutenbee-column.block-f70517-359c-43 { flex-basis: 100%; }\n      }<\/style><div class=\"wp-block-gutenbee-column-content\">\n<p id=\"block-4373e9-96c6-49\" class=\"wp-block-gutenbee-paragraph block-4373e9-96c6-49 has-text-color has-theme-dark-gray-color\"><strong>1996<\/strong><\/p><style>.wp-block-gutenbee-paragraph.block-4373e9-96c6-49 { margin-bottom: 10px; padding-left: 30px; }<\/style>\n\n\n\n<div id=\"block-2ad318-d8d7-47\" class=\"wp-block-gutenbee-iconbox block-2ad318-d8d7-47 wp-block-gutenbee-iconbox-align-left\" style=\"background-color:#f9f9f9;border-color:#ffffff;border-style:solid;border-width:15px;border-radius:4px;box-shadow:0px 0px 20px 0px  rgba(0, 0, 0, 0.1)\"><style>.wp-block-gutenbee-iconbox.block-2ad318-d8d7-47 { margin-top: 0px;  margin-bottom: 0px; padding: 25px 25px 25px 25px; }\n.wp-block-gutenbee-iconbox.block-2ad318-d8d7-47 .gutenbee-icon-block { margin-right: 20px; }\n.wp-block-gutenbee-iconbox.block-2ad318-d8d7-47 .wp-block-gutenbee-iconbox-text { font-size: 15px; }\n.wp-block-gutenbee-iconbox.block-2ad318-d8d7-47 .wp-block-gutenbee-iconbox-title { font-size: 18px; }\n\n\n      @media (max-width: 575px) {\n        .wp-block-gutenbee-iconbox.block-2ad318-d8d7-47 .gutenbee-icon-block { margin-right: 0px; }\n      }<\/style><div id=\"block-2ad318-d8d7-47-icon\" class=\"block-2ad318-d8d7-47-icon gutenbee-icon-block align-left gutenbee-icon-block-framed gutenbee-icon-block-shape-circle\"><style>.wp-block-gutenbee-icon.block-2ad318-d8d7-47-icon { margin-right: 20px; }\n.gutenbee-icon-block.block-2ad318-d8d7-47-icon .gutenbee-icon-block-icon-wrap { font-size: 25px; }\n.gutenbee-icon-block.block-2ad318-d8d7-47-icon svg { width: 25px; height: 25px; }\n\n\n      @media (max-width: 575px) {\n        .wp-block-gutenbee-icon.block-2ad318-d8d7-47-icon { margin-right: 0px; }\n      }<\/style><span class=\"gutenbee-icon-block-icon-wrap\" style=\"color:#00a9ef;background-color:#ffffff;border-color:#00a9ef;width:2em;height:2em;border-width:3px\"><svg viewBox=\"0 0 24 24\" class=\"\" preserveAspectRatio=\"xMidYMid meet\"><path fill=\"#5c6671\" d=\"M23.846 11.138l-11.5-11a.5.5 0 00-.691 0l-11.5 11a.5.5 0 00.346.861h1.5v10c0 1.103.897 2 2 2h16c1.103 0 2-.897 2-2v-10h1.5a.5.5 0 00.346-.861zM21.5 11a.5.5 0 00-.5.5V22c0 .551-.449 1-1 1H4c-.551 0-1-.449-1-1V11.5a.5.5 0 00-.5-.5h-.754L12 1.192 22.254 11H21.5zM8 10.5h-.5c-.827 0-1.5.673-1.5 1.5v.719c0 .689.467 1.288 1.136 1.455l4.48 1.12c-.372.273-.616.71-.616 1.206v3c0 .827.673 1.5 1.5 1.5s1.5-.673 1.5-1.5v-3c0-.682-.46-1.252-1.083-1.434-.204-.52-.755-.666-1.053-.741l-4.485-1.121A.5.5 0 017 12.719V12a.5.5 0 01.5-.5H8c0 .827.673 1.5 1.5 1.5h6c.827 0 1.5-.673 1.5-1.5h.5a.5.5 0 000-1H17c0-.827-.673-1.5-1.5-1.5h-6C8.673 9 8 9.673 8 10.5zm5 9a.5.5 0 01-1 0v-3a.5.5 0 011 0v3zm3-9v1a.5.5 0 01-.5.5h-6a.5.5 0 01-.5-.5v-1a.5.5 0 01.5-.5h6a.5.5 0 01.5.5z\"><\/path><\/svg><\/span><\/div><div class=\"wp-block-gutenbee-iconbox-content\"><h4 class=\"wp-block-gutenbee-iconbox-title\" style=\"margin-bottom:15px\">Apertura del Restaurante<\/h4><p class=\"wp-block-gutenbee-iconbox-text\">Luego de un largo proceso se logr\u00f3 construir una cocina con las condiciones industriales y espec\u00edficas para la elaboraci\u00f3n de alimentos, a su vez un gran sal\u00f3n para una gran cantidad de comensales.<\/p><\/div><\/div>\n<\/div><\/div>\n<\/div><\/div><div class=\"wp-block-gutenbee-container-background\" data-parallax-speed=\"0.3\"><\/div><\/div>\n\n\n\n<div id=\"block-c1ccff-1337-42\" class=\"wp-block-gutenbee-container block-c1ccff-1337-42\"><style>.wp-block-gutenbee-container.block-c1ccff-1337-42 { margin-bottom: 60px; }<\/style><div class=\"wp-block-gutenbee-container-inner\"><div class=\"wp-block-gutenbee-container-row wp-block-gutenbee-container-lg\">\n<div class=\"wp-block-gutenbee-column block-f579f3-1975-4e\"><style>.wp-block-gutenbee-column.block-f579f3-1975-4e { flex-basis: 50%; }\n\n\n      @media (max-width: 991px) {\n        .wp-block-gutenbee-column.block-f579f3-1975-4e { flex-basis: 100%; }\n      }\n    \n\n      @media (max-width: 575px) {\n        .wp-block-gutenbee-column.block-f579f3-1975-4e { flex-basis: 100%; }\n      }<\/style><div class=\"wp-block-gutenbee-column-content\">\n<p id=\"block-dcaab5-851b-44\" class=\"wp-block-gutenbee-paragraph block-dcaab5-851b-44 has-text-color has-theme-dark-gray-color\"><strong>2008<\/strong><\/p><style>.wp-block-gutenbee-paragraph.block-dcaab5-851b-44 { margin-bottom: 10px; padding-left: 30px; }<\/style>\n\n\n\n<div id=\"block-602db2-3a05-4f\" class=\"wp-block-gutenbee-iconbox block-602db2-3a05-4f wp-block-gutenbee-iconbox-align-left\" style=\"background-color:#f9f9f9;border-color:#ffffff;border-style:solid;border-width:15px;border-radius:4px;box-shadow:0px 0px 20px 0px  rgba(0, 0, 0, 0.1)\"><style>.wp-block-gutenbee-iconbox.block-602db2-3a05-4f { margin-top: 0px;  margin-bottom: 0px; padding: 25px 25px 25px 25px; }\n.wp-block-gutenbee-iconbox.block-602db2-3a05-4f .gutenbee-icon-block { margin-right: 20px; }\n.wp-block-gutenbee-iconbox.block-602db2-3a05-4f .wp-block-gutenbee-iconbox-text { font-size: 15px; }\n.wp-block-gutenbee-iconbox.block-602db2-3a05-4f .wp-block-gutenbee-iconbox-title { font-size: 18px; }\n\n\n      @media (max-width: 575px) {\n        .wp-block-gutenbee-iconbox.block-602db2-3a05-4f .gutenbee-icon-block { margin-right: 0px; }\n      }<\/style><div id=\"block-602db2-3a05-4f-icon\" class=\"block-602db2-3a05-4f-icon gutenbee-icon-block align-left gutenbee-icon-block-framed gutenbee-icon-block-shape-circle\"><style>.wp-block-gutenbee-icon.block-602db2-3a05-4f-icon { margin-right: 20px; }\n.gutenbee-icon-block.block-602db2-3a05-4f-icon .gutenbee-icon-block-icon-wrap { font-size: 25px; }\n.gutenbee-icon-block.block-602db2-3a05-4f-icon svg { width: 25px; height: 25px; }\n\n\n      @media (max-width: 575px) {\n        .wp-block-gutenbee-icon.block-602db2-3a05-4f-icon { margin-right: 0px; }\n      }<\/style><span class=\"gutenbee-icon-block-icon-wrap\" style=\"color:#00a9ef;background-color:#ffffff;border-color:#00a9ef;width:2em;height:2em;border-width:3px\"><svg viewBox=\"0 0 24 24\" class=\"\" preserveAspectRatio=\"xMidYMid meet\"><path fill=\"#5c6671\" d=\"M23.846 11.138l-11.5-11a.5.5 0 00-.691 0l-11.5 11a.5.5 0 00.346.861h1.5v10c0 1.103.897 2 2 2h16c1.103 0 2-.897 2-2v-10h1.5a.5.5 0 00.346-.861zM21.5 11a.5.5 0 00-.5.5V22c0 .551-.449 1-1 1H4c-.551 0-1-.449-1-1V11.5a.5.5 0 00-.5-.5h-.754L12 1.192 22.254 11H21.5zm-15 3.5c0 3.033 2.467 5.5 5.5 5.5s5.5-2.467 5.5-5.5S15.033 9 12 9s-5.5 2.467-5.5 5.5zm10 0c0 2.481-2.019 4.5-4.5 4.5s-4.5-2.019-4.5-4.5S9.519 10 12 10s4.5 2.019 4.5 4.5zM11 15.793l3.146-3.146a.5.5 0 01.707.707l-3.5 3.5a.498.498 0 01-.708 0l-2-2a.5.5 0 01.707-.707l1.647 1.646z\"><\/path><\/svg><\/span><\/div><div class=\"wp-block-gutenbee-iconbox-content\"><h4 class=\"wp-block-gutenbee-iconbox-title\" style=\"margin-bottom:15px\">Construcci\u00f3n de caba\u00f1as<\/h4><p class=\"wp-block-gutenbee-iconbox-text\">La necesidad de hospedar llev\u00f3 a comenzar la ampliaci\u00f3n del emprendimiento que sigue creciendo y brindado comodidades a sus hu\u00e9spedes d\u00eda a d\u00eda.<\/p><\/div><\/div>\n<\/div><\/div>\n\n\n\n<div class=\"wp-block-gutenbee-column block-b86246-64f8-45\"><style>.wp-block-gutenbee-column.block-b86246-64f8-45 { flex-basis: 50%; }\n\n\n      @media (max-width: 991px) {\n        .wp-block-gutenbee-column.block-b86246-64f8-45 { flex-basis: 100%; }\n      }\n    \n\n      @media (max-width: 575px) {\n        .wp-block-gutenbee-column.block-b86246-64f8-45 { flex-basis: 100%; }\n      }<\/style><div class=\"wp-block-gutenbee-column-content\"><\/div><\/div>\n<\/div><\/div><div class=\"wp-block-gutenbee-container-background\" data-parallax-speed=\"0.3\"><\/div><\/div>\n","protected":false},"excerpt":{"rendered":"<p>Una gran familia, un gran equipo<\/p>\n","protected":false},"author":1,"featured_media":0,"parent":0,"menu_order":0,"comment_status":"closed","ping_status":"closed","template":"templates\/template-fullwidth-narrow.php","meta":{"_joinchat":[],"footnotes":""},"class_list":["post-70","page","type-page","status-publish","hentry"],"yoast_head":"<!-- This site is optimized with the Yoast SEO plugin v23.8 - https:\/\/yoast.com\/wordpress\/plugins\/seo\/ -->\n<title>Nosotros -<\/title>\n<meta name=\"robots\" content=\"index, follow, max-snippet:-1, max-image-preview:large, max-video-preview:-1\" \/>\n<link rel=\"canonical\" href=\"https:\/\/posadadecampoelcapricho.uy\/index.php\/about-2\/\" \/>\n<meta property=\"og:locale\" content=\"es_ES\" \/>\n<meta property=\"og:type\" content=\"article\" \/>\n<meta property=\"og:title\" content=\"Nosotros -\" \/>\n<meta property=\"og:description\" content=\"Una gran familia, un gran equipo\" \/>\n<meta property=\"og:url\" content=\"https:\/\/posadadecampoelcapricho.uy\/index.php\/about-2\/\" \/>\n<meta property=\"article:modified_time\" content=\"2023-04-01T18:41:36+00:00\" \/>\n<meta property=\"og:image\" content=\"https:\/\/posadadecampoelcapricho.uy\/wp-content\/uploads\/2023\/03\/about-1024x576.jpg\" \/>\n<meta name=\"twitter:card\" content=\"summary_large_image\" \/>\n<meta name=\"twitter:label1\" content=\"Tiempo de lectura\" \/>\n\t<meta name=\"twitter:data1\" content=\"5 minutos\" \/>\n<script type=\"application\/ld+json\" class=\"yoast-schema-graph\">{\"@context\":\"https:\/\/schema.org\",\"@graph\":[{\"@type\":\"WebPage\",\"@id\":\"https:\/\/posadadecampoelcapricho.uy\/index.php\/about-2\/\",\"url\":\"https:\/\/posadadecampoelcapricho.uy\/index.php\/about-2\/\",\"name\":\"Nosotros -\",\"isPartOf\":{\"@id\":\"https:\/\/posadadecampoelcapricho.uy\/#website\"},\"primaryImageOfPage\":{\"@id\":\"https:\/\/posadadecampoelcapricho.uy\/index.php\/about-2\/#primaryimage\"},\"image\":{\"@id\":\"https:\/\/posadadecampoelcapricho.uy\/index.php\/about-2\/#primaryimage\"},\"thumbnailUrl\":\"https:\/\/posadadecampoelcapricho.uy\/wp-content\/uploads\/2023\/03\/about-1024x576.jpg\",\"datePublished\":\"2021-04-08T12:06:15+00:00\",\"dateModified\":\"2023-04-01T18:41:36+00:00\",\"breadcrumb\":{\"@id\":\"https:\/\/posadadecampoelcapricho.uy\/index.php\/about-2\/#breadcrumb\"},\"inLanguage\":\"es\",\"potentialAction\":[{\"@type\":\"ReadAction\",\"target\":[\"https:\/\/posadadecampoelcapricho.uy\/index.php\/about-2\/\"]}]},{\"@type\":\"ImageObject\",\"inLanguage\":\"es\",\"@id\":\"https:\/\/posadadecampoelcapricho.uy\/index.php\/about-2\/#primaryimage\",\"url\":\"https:\/\/posadadecampoelcapricho.uy\/wp-content\/uploads\/2023\/03\/about.jpg\",\"contentUrl\":\"https:\/\/posadadecampoelcapricho.uy\/wp-content\/uploads\/2023\/03\/about.jpg\",\"width\":1920,\"height\":1080},{\"@type\":\"BreadcrumbList\",\"@id\":\"https:\/\/posadadecampoelcapricho.uy\/index.php\/about-2\/#breadcrumb\",\"itemListElement\":[{\"@type\":\"ListItem\",\"position\":1,\"name\":\"Portada\",\"item\":\"https:\/\/posadadecampoelcapricho.uy\/\"},{\"@type\":\"ListItem\",\"position\":2,\"name\":\"Nosotros\"}]},{\"@type\":\"WebSite\",\"@id\":\"https:\/\/posadadecampoelcapricho.uy\/#website\",\"url\":\"https:\/\/posadadecampoelcapricho.uy\/\",\"name\":\"\",\"description\":\"\",\"potentialAction\":[{\"@type\":\"SearchAction\",\"target\":{\"@type\":\"EntryPoint\",\"urlTemplate\":\"https:\/\/posadadecampoelcapricho.uy\/?s={search_term_string}\"},\"query-input\":{\"@type\":\"PropertyValueSpecification\",\"valueRequired\":true,\"valueName\":\"search_term_string\"}}],\"inLanguage\":\"es\"}]}<\/script>\n<!-- \/ Yoast SEO plugin. -->","yoast_head_json":{"title":"Nosotros -","robots":{"index":"index","follow":"follow","max-snippet":"max-snippet:-1","max-image-preview":"max-image-preview:large","max-video-preview":"max-video-preview:-1"},"canonical":"https:\/\/posadadecampoelcapricho.uy\/index.php\/about-2\/","og_locale":"es_ES","og_type":"article","og_title":"Nosotros -","og_description":"Una gran familia, un gran equipo","og_url":"https:\/\/posadadecampoelcapricho.uy\/index.php\/about-2\/","article_modified_time":"2023-04-01T18:41:36+00:00","og_image":[{"url":"https:\/\/posadadecampoelcapricho.uy\/wp-content\/uploads\/2023\/03\/about-1024x576.jpg"}],"twitter_card":"summary_large_image","twitter_misc":{"Tiempo de lectura":"5 minutos"},"schema":{"@context":"https:\/\/schema.org","@graph":[{"@type":"WebPage","@id":"https:\/\/posadadecampoelcapricho.uy\/index.php\/about-2\/","url":"https:\/\/posadadecampoelcapricho.uy\/index.php\/about-2\/","name":"Nosotros -","isPartOf":{"@id":"https:\/\/posadadecampoelcapricho.uy\/#website"},"primaryImageOfPage":{"@id":"https:\/\/posadadecampoelcapricho.uy\/index.php\/about-2\/#primaryimage"},"image":{"@id":"https:\/\/posadadecampoelcapricho.uy\/index.php\/about-2\/#primaryimage"},"thumbnailUrl":"https:\/\/posadadecampoelcapricho.uy\/wp-content\/uploads\/2023\/03\/about-1024x576.jpg","datePublished":"2021-04-08T12:06:15+00:00","dateModified":"2023-04-01T18:41:36+00:00","breadcrumb":{"@id":"https:\/\/posadadecampoelcapricho.uy\/index.php\/about-2\/#breadcrumb"},"inLanguage":"es","potentialAction":[{"@type":"ReadAction","target":["https:\/\/posadadecampoelcapricho.uy\/index.php\/about-2\/"]}]},{"@type":"ImageObject","inLanguage":"es","@id":"https:\/\/posadadecampoelcapricho.uy\/index.php\/about-2\/#primaryimage","url":"https:\/\/posadadecampoelcapricho.uy\/wp-content\/uploads\/2023\/03\/about.jpg","contentUrl":"https:\/\/posadadecampoelcapricho.uy\/wp-content\/uploads\/2023\/03\/about.jpg","width":1920,"height":1080},{"@type":"BreadcrumbList","@id":"https:\/\/posadadecampoelcapricho.uy\/index.php\/about-2\/#breadcrumb","itemListElement":[{"@type":"ListItem","position":1,"name":"Portada","item":"https:\/\/posadadecampoelcapricho.uy\/"},{"@type":"ListItem","position":2,"name":"Nosotros"}]},{"@type":"WebSite","@id":"https:\/\/posadadecampoelcapricho.uy\/#website","url":"https:\/\/posadadecampoelcapricho.uy\/","name":"","description":"","potentialAction":[{"@type":"SearchAction","target":{"@type":"EntryPoint","urlTemplate":"https:\/\/posadadecampoelcapricho.uy\/?s={search_term_string}"},"query-input":{"@type":"PropertyValueSpecification","valueRequired":true,"valueName":"search_term_string"}}],"inLanguage":"es"}]}},"_links":{"self":[{"href":"https:\/\/posadadecampoelcapricho.uy\/index.php\/wp-json\/wp\/v2\/pages\/70","targetHints":{"allow":["GET"]}}],"collection":[{"href":"https:\/\/posadadecampoelcapricho.uy\/index.php\/wp-json\/wp\/v2\/pages"}],"about":[{"href":"https:\/\/posadadecampoelcapricho.uy\/index.php\/wp-json\/wp\/v2\/types\/page"}],"author":[{"embeddable":true,"href":"https:\/\/posadadecampoelcapricho.uy\/index.php\/wp-json\/wp\/v2\/users\/1"}],"replies":[{"embeddable":true,"href":"https:\/\/posadadecampoelcapricho.uy\/index.php\/wp-json\/wp\/v2\/comments?post=70"}],"version-history":[{"count":8,"href":"https:\/\/posadadecampoelcapricho.uy\/index.php\/wp-json\/wp\/v2\/pages\/70\/revisions"}],"predecessor-version":[{"id":464,"href":"https:\/\/posadadecampoelcapricho.uy\/index.php\/wp-json\/wp\/v2\/pages\/70\/revisions\/464"}],"wp:attachment":[{"href":"https:\/\/posadadecampoelcapricho.uy\/index.php\/wp-json\/wp\/v2\/media?parent=70"}],"curies":[{"name":"wp","href":"https:\/\/api.w.org\/{rel}","templated":true}]}}