{"id":416,"date":"2023-04-01T12:48:37","date_gmt":"2023-04-01T15:48:37","guid":{"rendered":"https:\/\/posadadecampoelcapricho.uy\/?page_id=416"},"modified":"2023-04-01T14:10:10","modified_gmt":"2023-04-01T17:10:10","slug":"galeria-de-fotos","status":"publish","type":"page","link":"https:\/\/posadadecampoelcapricho.uy\/index.php\/galeria-de-fotos\/","title":{"rendered":"Galer\u00eda de Fotos"},"content":{"rendered":"\n<div id=\"block-572223-90\" class=\"wp-block-gutenbee-container block-572223-90\"><div class=\"wp-block-gutenbee-container-inner\"><div class=\"wp-block-gutenbee-container-row wp-block-gutenbee-container-md\">\n<div class=\"wp-block-gutenbee-column block-e54d28-77\"><style>.wp-block-gutenbee-column.block-e54d28-77 { flex-basis: 33.33%; }\n\n\n      @media (max-width: 991px) {\n        .wp-block-gutenbee-column.block-e54d28-77 { flex-basis: 100%; }\n      }\n    \n\n      @media (max-width: 575px) {\n        .wp-block-gutenbee-column.block-e54d28-77 { flex-basis: 100%; }\n      }<\/style><div class=\"wp-block-gutenbee-column-content\">\n<h3 id=\"block-27164f-ba\" class=\"wp-block-gutenbee-heading block-27164f-ba\">La Posada <br>en imagenes<\/h3>\n<\/div><\/div>\n\n\n\n<div class=\"wp-block-gutenbee-column block-095114-cd\"><style>.wp-block-gutenbee-column.block-095114-cd { flex-basis: 66.66%; }\n\n\n      @media (max-width: 991px) {\n        .wp-block-gutenbee-column.block-095114-cd { flex-basis: 100%; }\n      }\n    \n\n      @media (max-width: 575px) {\n        .wp-block-gutenbee-column.block-095114-cd { flex-basis: 100%; }\n      }<\/style><div class=\"wp-block-gutenbee-column-content\">\n<p id=\"block-4ea8d0-c6\" class=\"wp-block-gutenbee-paragraph block-4ea8d0-c6\">Les presentamos una peque\u00f1a parte de este hermoso entorno. Paisajes, lugares  y momentos que vivimos d\u00eda a d\u00eda y aportes de hu\u00e9spedes que sienten la Posada como su hogar.<\/p>\n<\/div><\/div>\n<\/div><\/div><div class=\"wp-block-gutenbee-container-background\" data-parallax-speed=\"0.3\"><\/div><\/div>\n\n\n\n<div id=\"block-94b200-b367-45\" class=\"wp-block-gutenbee-justified-gallery block-94b200-b367-45 wp-block-gutenbee-gallery-columns gutenbee-columns-3\" data-gallery-type=\"columns\" data-row-height=\"120\" data-margins=\"1\" data-last-row=\"nojustify\" data-randomize=\"false\"><div class=\"wp-block-gutenbee-gallery-content\"><div class=\"wp-block-gutenbee-gallery-item\"><img decoding=\"async\" src=\"https:\/\/posadadecampoelcapricho.uy\/wp-content\/uploads\/2023\/03\/Posada-Quebrada_aerea-03.jpg\" alt=\"\" data-id=\"340\" data-link=\"https:\/\/posadadecampoelcapricho.uy\/index.php\/location\/posada-quebrada_aerea-03\/\" data-source-url=\"https:\/\/posadadecampoelcapricho.uy\/wp-content\/uploads\/2023\/03\/Posada-Quebrada_aerea-03.jpg\" class=\"wp-block-gutenbee-gallery-item-image\"\/><\/div><div class=\"wp-block-gutenbee-gallery-item\"><img decoding=\"async\" src=\"https:\/\/posadadecampoelcapricho.uy\/wp-content\/uploads\/2023\/03\/Posada_aerea-07.jpg\" alt=\"\" data-id=\"339\" data-link=\"https:\/\/posadadecampoelcapricho.uy\/index.php\/location\/posada_aerea-07\/\" data-source-url=\"https:\/\/posadadecampoelcapricho.uy\/wp-content\/uploads\/2023\/03\/Posada_aerea-07.jpg\" class=\"wp-block-gutenbee-gallery-item-image\"\/><\/div><div class=\"wp-block-gutenbee-gallery-item\"><img decoding=\"async\" src=\"https:\/\/posadadecampoelcapricho.uy\/wp-content\/uploads\/2023\/03\/Posada_aerea-01.jpg\" alt=\"\" data-id=\"333\" data-link=\"https:\/\/posadadecampoelcapricho.uy\/index.php\/location\/posada_aerea-01\/\" data-source-url=\"https:\/\/posadadecampoelcapricho.uy\/wp-content\/uploads\/2023\/03\/Posada_aerea-01.jpg\" class=\"wp-block-gutenbee-gallery-item-image\"\/><\/div><div class=\"wp-block-gutenbee-gallery-item\"><img decoding=\"async\" src=\"https:\/\/posadadecampoelcapricho.uy\/wp-content\/uploads\/2023\/03\/Portada-Pano.jpg\" alt=\"\" data-id=\"152\" data-link=\"https:\/\/posadadecampoelcapricho.uy\/index.php\/home\/portada-pano\/\" data-source-url=\"https:\/\/posadadecampoelcapricho.uy\/wp-content\/uploads\/2023\/03\/Portada-Pano.jpg\" class=\"wp-block-gutenbee-gallery-item-image\"\/><\/div><div class=\"wp-block-gutenbee-gallery-item\"><img decoding=\"async\" src=\"https:\/\/posadadecampoelcapricho.uy\/wp-content\/uploads\/2023\/03\/Itanu_02.jpg\" alt=\"\" data-id=\"204\" data-link=\"https:\/\/posadadecampoelcapricho.uy\/?attachment_id=204\" data-source-url=\"https:\/\/posadadecampoelcapricho.uy\/wp-content\/uploads\/2023\/03\/Itanu_02.jpg\" class=\"wp-block-gutenbee-gallery-item-image\"\/><\/div><div class=\"wp-block-gutenbee-gallery-item\"><img decoding=\"async\" src=\"https:\/\/posadadecampoelcapricho.uy\/wp-content\/uploads\/2023\/03\/Itanu_20.jpg\" alt=\"\" data-id=\"223\" data-link=\"https:\/\/posadadecampoelcapricho.uy\/index.php\/accommodation\/cabana-ibirapita\/itanu_20\/\" data-source-url=\"https:\/\/posadadecampoelcapricho.uy\/wp-content\/uploads\/2023\/03\/Itanu_20.jpg\" class=\"wp-block-gutenbee-gallery-item-image\"\/><\/div><div class=\"wp-block-gutenbee-gallery-item\"><img decoding=\"async\" src=\"https:\/\/posadadecampoelcapricho.uy\/wp-content\/uploads\/2023\/03\/Panoramica_08.jpg\" alt=\"\" data-id=\"250\" data-link=\"https:\/\/posadadecampoelcapricho.uy\/index.php\/home\/panoramica_08\/\" data-source-url=\"https:\/\/posadadecampoelcapricho.uy\/wp-content\/uploads\/2023\/03\/Panoramica_08.jpg\" class=\"wp-block-gutenbee-gallery-item-image\"\/><\/div><div class=\"wp-block-gutenbee-gallery-item\"><img decoding=\"async\" src=\"https:\/\/posadadecampoelcapricho.uy\/wp-content\/uploads\/2023\/03\/Panoramica_09.jpg\" alt=\"\" data-id=\"251\" data-link=\"https:\/\/posadadecampoelcapricho.uy\/index.php\/home\/panoramica_09\/\" data-source-url=\"https:\/\/posadadecampoelcapricho.uy\/wp-content\/uploads\/2023\/03\/Panoramica_09.jpg\" class=\"wp-block-gutenbee-gallery-item-image\"\/><\/div><div class=\"wp-block-gutenbee-gallery-item\"><img decoding=\"async\" src=\"https:\/\/posadadecampoelcapricho.uy\/wp-content\/uploads\/2023\/03\/Restaurante_ElCapricho_08.jpg\" alt=\"\" data-id=\"281\" data-link=\"https:\/\/posadadecampoelcapricho.uy\/index.php\/our-restaurant\/restaurante_elcapricho_08\/\" data-source-url=\"https:\/\/posadadecampoelcapricho.uy\/wp-content\/uploads\/2023\/03\/Restaurante_ElCapricho_08.jpg\" class=\"wp-block-gutenbee-gallery-item-image\"\/><\/div><div class=\"wp-block-gutenbee-gallery-item\"><img decoding=\"async\" src=\"https:\/\/posadadecampoelcapricho.uy\/wp-content\/uploads\/2023\/03\/Restaurante_ElCapricho_13.jpg\" alt=\"\" data-id=\"286\" data-link=\"https:\/\/posadadecampoelcapricho.uy\/index.php\/our-restaurant\/restaurante_elcapricho_13\/\" data-source-url=\"https:\/\/posadadecampoelcapricho.uy\/wp-content\/uploads\/2023\/03\/Restaurante_ElCapricho_13.jpg\" class=\"wp-block-gutenbee-gallery-item-image\"\/><\/div><div class=\"wp-block-gutenbee-gallery-item\"><img decoding=\"async\" src=\"https:\/\/posadadecampoelcapricho.uy\/wp-content\/uploads\/2023\/03\/Restaurante_ElCapricho_18.jpg\" alt=\"\" data-id=\"291\" data-link=\"https:\/\/posadadecampoelcapricho.uy\/index.php\/our-restaurant\/restaurante_elcapricho_18\/\" data-source-url=\"https:\/\/posadadecampoelcapricho.uy\/wp-content\/uploads\/2023\/03\/Restaurante_ElCapricho_18.jpg\" class=\"wp-block-gutenbee-gallery-item-image\"\/><\/div><div class=\"wp-block-gutenbee-gallery-item\"><img decoding=\"async\" src=\"https:\/\/posadadecampoelcapricho.uy\/wp-content\/uploads\/2023\/03\/Restaurante_ElCapricho_19.jpg\" alt=\"\" data-id=\"292\" data-link=\"https:\/\/posadadecampoelcapricho.uy\/index.php\/our-restaurant\/restaurante_elcapricho_19\/\" data-source-url=\"https:\/\/posadadecampoelcapricho.uy\/wp-content\/uploads\/2023\/03\/Restaurante_ElCapricho_19.jpg\" class=\"wp-block-gutenbee-gallery-item-image\"\/><\/div><div class=\"wp-block-gutenbee-gallery-item\"><img decoding=\"async\" src=\"https:\/\/posadadecampoelcapricho.uy\/wp-content\/uploads\/2023\/04\/Galeria_Posada_02-1.jpg\" alt=\"\" data-id=\"434\" data-link=\"https:\/\/posadadecampoelcapricho.uy\/index.php\/galeria-de-fotos\/galeria_posada_02-2\/\" data-source-url=\"https:\/\/posadadecampoelcapricho.uy\/wp-content\/uploads\/2023\/04\/Galeria_Posada_02-1.jpg\" class=\"wp-block-gutenbee-gallery-item-image\"\/><\/div><div class=\"wp-block-gutenbee-gallery-item\"><img decoding=\"async\" src=\"https:\/\/posadadecampoelcapricho.uy\/wp-content\/uploads\/2023\/04\/Galeria_Posada_07-1.jpg\" alt=\"\" data-id=\"439\" data-link=\"https:\/\/posadadecampoelcapricho.uy\/index.php\/galeria-de-fotos\/galeria_posada_07-2\/\" data-source-url=\"https:\/\/posadadecampoelcapricho.uy\/wp-content\/uploads\/2023\/04\/Galeria_Posada_07-1.jpg\" class=\"wp-block-gutenbee-gallery-item-image\"\/><\/div><div class=\"wp-block-gutenbee-gallery-item\"><img decoding=\"async\" src=\"https:\/\/posadadecampoelcapricho.uy\/wp-content\/uploads\/2023\/04\/Galeria_Posada_14-1.jpg\" alt=\"\" data-id=\"446\" data-link=\"https:\/\/posadadecampoelcapricho.uy\/index.php\/galeria-de-fotos\/galeria_posada_14-2\/\" data-source-url=\"https:\/\/posadadecampoelcapricho.uy\/wp-content\/uploads\/2023\/04\/Galeria_Posada_14-1.jpg\" class=\"wp-block-gutenbee-gallery-item-image\"\/><\/div><div class=\"wp-block-gutenbee-gallery-item\"><img decoding=\"async\" src=\"https:\/\/posadadecampoelcapricho.uy\/wp-content\/uploads\/2023\/03\/Panoramica_07.jpg\" alt=\"\" data-id=\"249\" data-link=\"https:\/\/posadadecampoelcapricho.uy\/index.php\/home\/panoramica_07\/\" data-source-url=\"https:\/\/posadadecampoelcapricho.uy\/wp-content\/uploads\/2023\/03\/Panoramica_07.jpg\" class=\"wp-block-gutenbee-gallery-item-image\"\/><\/div><div class=\"wp-block-gutenbee-gallery-item\"><img decoding=\"async\" src=\"https:\/\/posadadecampoelcapricho.uy\/wp-content\/uploads\/2023\/03\/Restaurante_ElCapricho_24.jpg\" alt=\"\" data-id=\"297\" data-link=\"https:\/\/posadadecampoelcapricho.uy\/index.php\/our-restaurant\/restaurante_elcapricho_24\/\" data-source-url=\"https:\/\/posadadecampoelcapricho.uy\/wp-content\/uploads\/2023\/03\/Restaurante_ElCapricho_24.jpg\" class=\"wp-block-gutenbee-gallery-item-image\"\/><\/div><div class=\"wp-block-gutenbee-gallery-item\"><img decoding=\"async\" src=\"https:\/\/posadadecampoelcapricho.uy\/wp-content\/uploads\/2023\/03\/Restaurante_ElCapricho_25.jpg\" alt=\"\" data-id=\"298\" data-link=\"https:\/\/posadadecampoelcapricho.uy\/index.php\/our-restaurant\/restaurante_elcapricho_25\/\" data-source-url=\"https:\/\/posadadecampoelcapricho.uy\/wp-content\/uploads\/2023\/03\/Restaurante_ElCapricho_25.jpg\" class=\"wp-block-gutenbee-gallery-item-image\"\/><\/div><div class=\"wp-block-gutenbee-gallery-item\"><img decoding=\"async\" src=\"https:\/\/posadadecampoelcapricho.uy\/wp-content\/uploads\/2023\/03\/About-Posada.jpg\" alt=\"\" data-id=\"329\" data-link=\"https:\/\/posadadecampoelcapricho.uy\/index.php\/location\/about-posada\/\" data-source-url=\"https:\/\/posadadecampoelcapricho.uy\/wp-content\/uploads\/2023\/03\/About-Posada.jpg\" class=\"wp-block-gutenbee-gallery-item-image\"\/><\/div><div class=\"wp-block-gutenbee-gallery-item\"><img decoding=\"async\" src=\"https:\/\/posadadecampoelcapricho.uy\/wp-content\/uploads\/2023\/03\/atardecerPOSADA.jpg\" alt=\"\" data-id=\"332\" data-link=\"https:\/\/posadadecampoelcapricho.uy\/index.php\/location\/atardecerposada\/\" data-source-url=\"https:\/\/posadadecampoelcapricho.uy\/wp-content\/uploads\/2023\/03\/atardecerPOSADA.jpg\" class=\"wp-block-gutenbee-gallery-item-image\"\/><\/div><div class=\"wp-block-gutenbee-gallery-item\"><img decoding=\"async\" src=\"https:\/\/posadadecampoelcapricho.uy\/wp-content\/uploads\/2023\/03\/Posada_aerea-03.jpg\" alt=\"\" data-id=\"335\" data-link=\"https:\/\/posadadecampoelcapricho.uy\/index.php\/location\/posada_aerea-03\/\" data-source-url=\"https:\/\/posadadecampoelcapricho.uy\/wp-content\/uploads\/2023\/03\/Posada_aerea-03.jpg\" class=\"wp-block-gutenbee-gallery-item-image\"\/><\/div><div class=\"wp-block-gutenbee-gallery-item\"><img decoding=\"async\" src=\"https:\/\/posadadecampoelcapricho.uy\/wp-content\/uploads\/2023\/03\/menu_cordero-1.jpg\" alt=\"\" data-id=\"386\" data-link=\"https:\/\/posadadecampoelcapricho.uy\/menu_cordero-2\/\" data-source-url=\"https:\/\/posadadecampoelcapricho.uy\/wp-content\/uploads\/2023\/03\/menu_cordero-1.jpg\" class=\"wp-block-gutenbee-gallery-item-image\"\/><\/div><div class=\"wp-block-gutenbee-gallery-item\"><img decoding=\"async\" src=\"https:\/\/posadadecampoelcapricho.uy\/wp-content\/uploads\/2023\/03\/menu_brasero.jpg\" alt=\"\" data-id=\"383\" data-link=\"https:\/\/posadadecampoelcapricho.uy\/menu_brasero\/\" data-source-url=\"https:\/\/posadadecampoelcapricho.uy\/wp-content\/uploads\/2023\/03\/menu_brasero.jpg\" class=\"wp-block-gutenbee-gallery-item-image\"\/><\/div><div class=\"wp-block-gutenbee-gallery-item\"><img decoding=\"async\" src=\"https:\/\/posadadecampoelcapricho.uy\/wp-content\/uploads\/2023\/03\/menu_carre.jpg\" alt=\"\" data-id=\"384\" data-link=\"https:\/\/posadadecampoelcapricho.uy\/menu_carre\/\" data-source-url=\"https:\/\/posadadecampoelcapricho.uy\/wp-content\/uploads\/2023\/03\/menu_carre.jpg\" class=\"wp-block-gutenbee-gallery-item-image\"\/><\/div><div class=\"wp-block-gutenbee-gallery-item\"><img decoding=\"async\" src=\"https:\/\/posadadecampoelcapricho.uy\/wp-content\/uploads\/2023\/04\/Restaurante_ElCapricho_01.jpg\" alt=\"\" data-id=\"407\" data-link=\"https:\/\/posadadecampoelcapricho.uy\/index.php\/our-restaurant\/restaurante_elcapricho_01-2\/\" data-source-url=\"https:\/\/posadadecampoelcapricho.uy\/wp-content\/uploads\/2023\/04\/Restaurante_ElCapricho_01.jpg\" class=\"wp-block-gutenbee-gallery-item-image\"\/><\/div><div class=\"wp-block-gutenbee-gallery-item\"><img decoding=\"async\" src=\"https:\/\/posadadecampoelcapricho.uy\/wp-content\/uploads\/2023\/04\/Galeria_Posada_13-1.jpg\" alt=\"\" data-id=\"445\" data-link=\"https:\/\/posadadecampoelcapricho.uy\/index.php\/galeria-de-fotos\/galeria_posada_13-2\/\" data-source-url=\"https:\/\/posadadecampoelcapricho.uy\/wp-content\/uploads\/2023\/04\/Galeria_Posada_13-1.jpg\" class=\"wp-block-gutenbee-gallery-item-image\"\/><\/div><div class=\"wp-block-gutenbee-gallery-item\"><img decoding=\"async\" src=\"https:\/\/posadadecampoelcapricho.uy\/wp-content\/uploads\/2023\/04\/Galeria_Posada_12-1.jpg\" alt=\"\" data-id=\"444\" data-link=\"https:\/\/posadadecampoelcapricho.uy\/index.php\/galeria-de-fotos\/galeria_posada_12-2\/\" data-source-url=\"https:\/\/posadadecampoelcapricho.uy\/wp-content\/uploads\/2023\/04\/Galeria_Posada_12-1.jpg\" class=\"wp-block-gutenbee-gallery-item-image\"\/><\/div><div class=\"wp-block-gutenbee-gallery-item\"><img decoding=\"async\" src=\"https:\/\/posadadecampoelcapricho.uy\/wp-content\/uploads\/2023\/04\/Galeria_Posada_03-1.jpg\" alt=\"\" data-id=\"436\" data-link=\"https:\/\/posadadecampoelcapricho.uy\/index.php\/galeria-de-fotos\/galeria_posada_03-2\/\" data-source-url=\"https:\/\/posadadecampoelcapricho.uy\/wp-content\/uploads\/2023\/04\/Galeria_Posada_03-1.jpg\" class=\"wp-block-gutenbee-gallery-item-image\"\/><\/div><div class=\"wp-block-gutenbee-gallery-item\"><img decoding=\"async\" src=\"https:\/\/posadadecampoelcapricho.uy\/wp-content\/uploads\/2023\/04\/Restaurante_ElCapricho_02.jpg\" alt=\"\" data-id=\"408\" data-link=\"https:\/\/posadadecampoelcapricho.uy\/index.php\/our-restaurant\/restaurante_elcapricho_02-2\/\" data-source-url=\"https:\/\/posadadecampoelcapricho.uy\/wp-content\/uploads\/2023\/04\/Restaurante_ElCapricho_02.jpg\" class=\"wp-block-gutenbee-gallery-item-image\"\/><\/div><div class=\"wp-block-gutenbee-gallery-item\"><img decoding=\"async\" src=\"https:\/\/posadadecampoelcapricho.uy\/wp-content\/uploads\/2023\/04\/Restaurante_ElCapricho_04.jpg\" alt=\"\" data-id=\"410\" data-link=\"https:\/\/posadadecampoelcapricho.uy\/index.php\/our-restaurant\/restaurante_elcapricho_04-2\/\" data-source-url=\"https:\/\/posadadecampoelcapricho.uy\/wp-content\/uploads\/2023\/04\/Restaurante_ElCapricho_04.jpg\" class=\"wp-block-gutenbee-gallery-item-image\"\/><\/div><div class=\"wp-block-gutenbee-gallery-item\"><img decoding=\"async\" src=\"https:\/\/posadadecampoelcapricho.uy\/wp-content\/uploads\/2023\/04\/Galeria_Posada_04-1.jpg\" alt=\"\" data-id=\"437\" data-link=\"https:\/\/posadadecampoelcapricho.uy\/index.php\/galeria-de-fotos\/galeria_posada_04-2\/\" data-source-url=\"https:\/\/posadadecampoelcapricho.uy\/wp-content\/uploads\/2023\/04\/Galeria_Posada_04-1.jpg\" class=\"wp-block-gutenbee-gallery-item-image\"\/><\/div><div class=\"wp-block-gutenbee-gallery-item\"><img decoding=\"async\" src=\"https:\/\/posadadecampoelcapricho.uy\/wp-content\/uploads\/2023\/04\/Galeria_Posada_08-1.jpg\" alt=\"\" data-id=\"440\" data-link=\"https:\/\/posadadecampoelcapricho.uy\/index.php\/galeria-de-fotos\/galeria_posada_08-2\/\" data-source-url=\"https:\/\/posadadecampoelcapricho.uy\/wp-content\/uploads\/2023\/04\/Galeria_Posada_08-1.jpg\" class=\"wp-block-gutenbee-gallery-item-image\"\/><\/div><div class=\"wp-block-gutenbee-gallery-item\"><img decoding=\"async\" src=\"https:\/\/posadadecampoelcapricho.uy\/wp-content\/uploads\/2023\/04\/Galeria_Posada_11-1.jpg\" alt=\"\" data-id=\"443\" data-link=\"https:\/\/posadadecampoelcapricho.uy\/index.php\/galeria-de-fotos\/galeria_posada_11-2\/\" data-source-url=\"https:\/\/posadadecampoelcapricho.uy\/wp-content\/uploads\/2023\/04\/Galeria_Posada_11-1.jpg\" class=\"wp-block-gutenbee-gallery-item-image\"\/><\/div><div class=\"wp-block-gutenbee-gallery-item\"><img decoding=\"async\" src=\"https:\/\/posadadecampoelcapricho.uy\/wp-content\/uploads\/2023\/04\/Galeria_Posada_09-1.jpg\" alt=\"\" data-id=\"441\" data-link=\"https:\/\/posadadecampoelcapricho.uy\/index.php\/galeria-de-fotos\/galeria_posada_09-2\/\" data-source-url=\"https:\/\/posadadecampoelcapricho.uy\/wp-content\/uploads\/2023\/04\/Galeria_Posada_09-1.jpg\" class=\"wp-block-gutenbee-gallery-item-image\"\/><\/div><div class=\"wp-block-gutenbee-gallery-item\"><img decoding=\"async\" src=\"https:\/\/posadadecampoelcapricho.uy\/wp-content\/uploads\/2023\/04\/Galeria_Posada_10-1.jpg\" alt=\"\" data-id=\"442\" data-link=\"https:\/\/posadadecampoelcapricho.uy\/index.php\/galeria-de-fotos\/galeria_posada_10-2\/\" data-source-url=\"https:\/\/posadadecampoelcapricho.uy\/wp-content\/uploads\/2023\/04\/Galeria_Posada_10-1.jpg\" class=\"wp-block-gutenbee-gallery-item-image\"\/><\/div><div class=\"wp-block-gutenbee-gallery-item\"><img decoding=\"async\" src=\"https:\/\/posadadecampoelcapricho.uy\/wp-content\/uploads\/2023\/04\/Galeria_Posada_06-1.jpg\" alt=\"\" data-id=\"438\" data-link=\"https:\/\/posadadecampoelcapricho.uy\/index.php\/galeria-de-fotos\/galeria_posada_06-2\/\" data-source-url=\"https:\/\/posadadecampoelcapricho.uy\/wp-content\/uploads\/2023\/04\/Galeria_Posada_06-1.jpg\" class=\"wp-block-gutenbee-gallery-item-image\"\/><\/div><\/div><\/div>\n","protected":false},"excerpt":{"rendered":"<p>Experimenta la vida de todas las formas posible<\/p>\n","protected":false},"author":1,"featured_media":0,"parent":0,"menu_order":0,"comment_status":"closed","ping_status":"closed","template":"templates\/template-fullwidth-narrow.php","meta":{"_joinchat":[],"footnotes":""},"class_list":["post-416","page","type-page","status-publish","hentry"],"yoast_head":"<!-- This site is optimized with the Yoast SEO plugin v23.8 - https:\/\/yoast.com\/wordpress\/plugins\/seo\/ -->\n<title>Galer\u00eda de Fotos -<\/title>\n<meta name=\"robots\" content=\"index, follow, max-snippet:-1, max-image-preview:large, max-video-preview:-1\" \/>\n<link rel=\"canonical\" href=\"https:\/\/posadadecampoelcapricho.uy\/index.php\/galeria-de-fotos\/\" \/>\n<meta property=\"og:locale\" content=\"es_ES\" \/>\n<meta property=\"og:type\" content=\"article\" \/>\n<meta property=\"og:title\" content=\"Galer\u00eda de Fotos -\" \/>\n<meta property=\"og:description\" content=\"Experimenta la vida de todas las formas posible\" \/>\n<meta property=\"og:url\" content=\"https:\/\/posadadecampoelcapricho.uy\/index.php\/galeria-de-fotos\/\" \/>\n<meta property=\"article:modified_time\" content=\"2023-04-01T17:10:10+00:00\" \/>\n<meta property=\"og:image\" content=\"https:\/\/posadadecampoelcapricho.uy\/wp-content\/uploads\/2023\/03\/Posada-Quebrada_aerea-03.jpg\" \/>\n<meta name=\"twitter:card\" content=\"summary_large_image\" \/>\n<meta name=\"twitter:label1\" content=\"Tiempo de lectura\" \/>\n\t<meta name=\"twitter:data1\" content=\"8 minutos\" \/>\n<script type=\"application\/ld+json\" class=\"yoast-schema-graph\">{\"@context\":\"https:\/\/schema.org\",\"@graph\":[{\"@type\":\"WebPage\",\"@id\":\"https:\/\/posadadecampoelcapricho.uy\/index.php\/galeria-de-fotos\/\",\"url\":\"https:\/\/posadadecampoelcapricho.uy\/index.php\/galeria-de-fotos\/\",\"name\":\"Galer\u00eda de Fotos -\",\"isPartOf\":{\"@id\":\"https:\/\/posadadecampoelcapricho.uy\/#website\"},\"primaryImageOfPage\":{\"@id\":\"https:\/\/posadadecampoelcapricho.uy\/index.php\/galeria-de-fotos\/#primaryimage\"},\"image\":{\"@id\":\"https:\/\/posadadecampoelcapricho.uy\/index.php\/galeria-de-fotos\/#primaryimage\"},\"thumbnailUrl\":\"https:\/\/posadadecampoelcapricho.uy\/wp-content\/uploads\/2023\/03\/Posada-Quebrada_aerea-03.jpg\",\"datePublished\":\"2023-04-01T15:48:37+00:00\",\"dateModified\":\"2023-04-01T17:10:10+00:00\",\"breadcrumb\":{\"@id\":\"https:\/\/posadadecampoelcapricho.uy\/index.php\/galeria-de-fotos\/#breadcrumb\"},\"inLanguage\":\"es\",\"potentialAction\":[{\"@type\":\"ReadAction\",\"target\":[\"https:\/\/posadadecampoelcapricho.uy\/index.php\/galeria-de-fotos\/\"]}]},{\"@type\":\"ImageObject\",\"inLanguage\":\"es\",\"@id\":\"https:\/\/posadadecampoelcapricho.uy\/index.php\/galeria-de-fotos\/#primaryimage\",\"url\":\"https:\/\/posadadecampoelcapricho.uy\/wp-content\/uploads\/2023\/03\/Posada-Quebrada_aerea-03.jpg\",\"contentUrl\":\"https:\/\/posadadecampoelcapricho.uy\/wp-content\/uploads\/2023\/03\/Posada-Quebrada_aerea-03.jpg\",\"width\":1920,\"height\":1080},{\"@type\":\"BreadcrumbList\",\"@id\":\"https:\/\/posadadecampoelcapricho.uy\/index.php\/galeria-de-fotos\/#breadcrumb\",\"itemListElement\":[{\"@type\":\"ListItem\",\"position\":1,\"name\":\"Portada\",\"item\":\"https:\/\/posadadecampoelcapricho.uy\/\"},{\"@type\":\"ListItem\",\"position\":2,\"name\":\"Galer\u00eda de Fotos\"}]},{\"@type\":\"WebSite\",\"@id\":\"https:\/\/posadadecampoelcapricho.uy\/#website\",\"url\":\"https:\/\/posadadecampoelcapricho.uy\/\",\"name\":\"\",\"description\":\"\",\"potentialAction\":[{\"@type\":\"SearchAction\",\"target\":{\"@type\":\"EntryPoint\",\"urlTemplate\":\"https:\/\/posadadecampoelcapricho.uy\/?s={search_term_string}\"},\"query-input\":{\"@type\":\"PropertyValueSpecification\",\"valueRequired\":true,\"valueName\":\"search_term_string\"}}],\"inLanguage\":\"es\"}]}<\/script>\n<!-- \/ Yoast SEO plugin. -->","yoast_head_json":{"title":"Galer\u00eda de Fotos -","robots":{"index":"index","follow":"follow","max-snippet":"max-snippet:-1","max-image-preview":"max-image-preview:large","max-video-preview":"max-video-preview:-1"},"canonical":"https:\/\/posadadecampoelcapricho.uy\/index.php\/galeria-de-fotos\/","og_locale":"es_ES","og_type":"article","og_title":"Galer\u00eda de Fotos -","og_description":"Experimenta la vida de todas las formas posible","og_url":"https:\/\/posadadecampoelcapricho.uy\/index.php\/galeria-de-fotos\/","article_modified_time":"2023-04-01T17:10:10+00:00","og_image":[{"url":"https:\/\/posadadecampoelcapricho.uy\/wp-content\/uploads\/2023\/03\/Posada-Quebrada_aerea-03.jpg"}],"twitter_card":"summary_large_image","twitter_misc":{"Tiempo de lectura":"8 minutos"},"schema":{"@context":"https:\/\/schema.org","@graph":[{"@type":"WebPage","@id":"https:\/\/posadadecampoelcapricho.uy\/index.php\/galeria-de-fotos\/","url":"https:\/\/posadadecampoelcapricho.uy\/index.php\/galeria-de-fotos\/","name":"Galer\u00eda de Fotos -","isPartOf":{"@id":"https:\/\/posadadecampoelcapricho.uy\/#website"},"primaryImageOfPage":{"@id":"https:\/\/posadadecampoelcapricho.uy\/index.php\/galeria-de-fotos\/#primaryimage"},"image":{"@id":"https:\/\/posadadecampoelcapricho.uy\/index.php\/galeria-de-fotos\/#primaryimage"},"thumbnailUrl":"https:\/\/posadadecampoelcapricho.uy\/wp-content\/uploads\/2023\/03\/Posada-Quebrada_aerea-03.jpg","datePublished":"2023-04-01T15:48:37+00:00","dateModified":"2023-04-01T17:10:10+00:00","breadcrumb":{"@id":"https:\/\/posadadecampoelcapricho.uy\/index.php\/galeria-de-fotos\/#breadcrumb"},"inLanguage":"es","potentialAction":[{"@type":"ReadAction","target":["https:\/\/posadadecampoelcapricho.uy\/index.php\/galeria-de-fotos\/"]}]},{"@type":"ImageObject","inLanguage":"es","@id":"https:\/\/posadadecampoelcapricho.uy\/index.php\/galeria-de-fotos\/#primaryimage","url":"https:\/\/posadadecampoelcapricho.uy\/wp-content\/uploads\/2023\/03\/Posada-Quebrada_aerea-03.jpg","contentUrl":"https:\/\/posadadecampoelcapricho.uy\/wp-content\/uploads\/2023\/03\/Posada-Quebrada_aerea-03.jpg","width":1920,"height":1080},{"@type":"BreadcrumbList","@id":"https:\/\/posadadecampoelcapricho.uy\/index.php\/galeria-de-fotos\/#breadcrumb","itemListElement":[{"@type":"ListItem","position":1,"name":"Portada","item":"https:\/\/posadadecampoelcapricho.uy\/"},{"@type":"ListItem","position":2,"name":"Galer\u00eda de Fotos"}]},{"@type":"WebSite","@id":"https:\/\/posadadecampoelcapricho.uy\/#website","url":"https:\/\/posadadecampoelcapricho.uy\/","name":"","description":"","potentialAction":[{"@type":"SearchAction","target":{"@type":"EntryPoint","urlTemplate":"https:\/\/posadadecampoelcapricho.uy\/?s={search_term_string}"},"query-input":{"@type":"PropertyValueSpecification","valueRequired":true,"valueName":"search_term_string"}}],"inLanguage":"es"}]}},"_links":{"self":[{"href":"https:\/\/posadadecampoelcapricho.uy\/index.php\/wp-json\/wp\/v2\/pages\/416","targetHints":{"allow":["GET"]}}],"collection":[{"href":"https:\/\/posadadecampoelcapricho.uy\/index.php\/wp-json\/wp\/v2\/pages"}],"about":[{"href":"https:\/\/posadadecampoelcapricho.uy\/index.php\/wp-json\/wp\/v2\/types\/page"}],"author":[{"embeddable":true,"href":"https:\/\/posadadecampoelcapricho.uy\/index.php\/wp-json\/wp\/v2\/users\/1"}],"replies":[{"embeddable":true,"href":"https:\/\/posadadecampoelcapricho.uy\/index.php\/wp-json\/wp\/v2\/comments?post=416"}],"version-history":[{"count":9,"href":"https:\/\/posadadecampoelcapricho.uy\/index.php\/wp-json\/wp\/v2\/pages\/416\/revisions"}],"predecessor-version":[{"id":453,"href":"https:\/\/posadadecampoelcapricho.uy\/index.php\/wp-json\/wp\/v2\/pages\/416\/revisions\/453"}],"wp:attachment":[{"href":"https:\/\/posadadecampoelcapricho.uy\/index.php\/wp-json\/wp\/v2\/media?parent=416"}],"curies":[{"name":"wp","href":"https:\/\/api.w.org\/{rel}","templated":true}]}}