{"id":113,"date":"2021-04-21T00:54:33","date_gmt":"2021-04-21T00:54:33","guid":{"rendered":"https:\/\/www.cssigniter.com\/demos\/milos\/?page_id=113"},"modified":"2023-04-01T15:55:36","modified_gmt":"2023-04-01T18:55:36","slug":"location","status":"publish","type":"page","link":"https:\/\/posadadecampoelcapricho.uy\/index.php\/location\/","title":{"rendered":"Ubicaci\u00f3n"},"content":{"rendered":"\n<figure class=\"wp-block-image alignwide size-large is-style-ignition-milos-border-image\"><img loading=\"lazy\" decoding=\"async\" width=\"1024\" height=\"576\" src=\"https:\/\/posadadecampoelcapricho.uy\/wp-content\/uploads\/2023\/03\/About-Posada-1024x576.jpg\" alt=\"\" class=\"wp-image-329\" srcset=\"https:\/\/posadadecampoelcapricho.uy\/wp-content\/uploads\/2023\/03\/About-Posada-1024x576.jpg 1024w, https:\/\/posadadecampoelcapricho.uy\/wp-content\/uploads\/2023\/03\/About-Posada-300x169.jpg 300w, https:\/\/posadadecampoelcapricho.uy\/wp-content\/uploads\/2023\/03\/About-Posada-768x432.jpg 768w, https:\/\/posadadecampoelcapricho.uy\/wp-content\/uploads\/2023\/03\/About-Posada-1536x864.jpg 1536w, https:\/\/posadadecampoelcapricho.uy\/wp-content\/uploads\/2023\/03\/About-Posada.jpg 1920w\" sizes=\"auto, (max-width: 1024px) 100vw, 1024px\" \/><\/figure>\n\n\n\n<h2 id=\"block-5f773a-6ae6-43\" class=\"wp-block-gutenbee-heading block-5f773a-6ae6-43\">Bienvenidos a El Capricho.<\/h2><style>.wp-block-gutenbee-heading.block-5f773a-6ae6-43 { font-size: 48px; text-align: center; }\n\n\n      @media (max-width: 991px) {\n        .wp-block-gutenbee-heading.block-5f773a-6ae6-43 { font-size: 40px; }\n      }\n    \n\n      @media (max-width: 575px) {\n        .wp-block-gutenbee-heading.block-5f773a-6ae6-43 { font-size: 32px; }\n      }<\/style>\n\n\n\n<p class=\"has-text-align-center\">Un espacio so\u00f1ado! El campo y las sierras conforman un entorno \u00fanico para descansar. No importa la temporada que se aloje cada momento es inigualable. Madrugar y poder ver el encanto del amanecer, degustar delicias cada ma\u00f1ana que llenan de energ\u00eda para salir a recorrer y muchas actividades que ofrecemos son parte de unas vacaciones que valen la pena no perderse.<\/p>\n\n\n\n<div id=\"block-a62be2-fbb3-44\" class=\"wp-block-gutenbee-slideshow block-a62be2-fbb3-44 is-style-ignition-milos-border-image\" data-fade=\"true\" data-autoplay=\"true\" data-arrows=\"true\" data-dots=\"true\" data-infinite=\"true\" data-speed=\"300\" data-autoplay-speed=\"3000\" data-slides-to-show=\"1\" data-slides-to-scroll=\"1\" data-pause-on-hover=\"true\" style=\"color:#FFFFFF\" data-dots-color=\"#FFFFFF\" data-arrows-color=\"#FFFFFF\"><div class=\"gutenbee-slideshow-item\"><img decoding=\"async\" src=\"https:\/\/posadadecampoelcapricho.uy\/wp-content\/uploads\/2023\/03\/atardecerPOSADA.jpg\" alt=\"\" data-id=\"332\" data-link=\"https:\/\/posadadecampoelcapricho.uy\/index.php\/location\/atardecerposada\/\"\/><\/div><div class=\"gutenbee-slideshow-item\"><img decoding=\"async\" src=\"https:\/\/posadadecampoelcapricho.uy\/wp-content\/uploads\/2023\/03\/Posada_aerea-01.jpg\" alt=\"\" data-id=\"333\" data-link=\"https:\/\/posadadecampoelcapricho.uy\/index.php\/location\/posada_aerea-01\/\"\/><\/div><div class=\"gutenbee-slideshow-item\"><img decoding=\"async\" src=\"https:\/\/posadadecampoelcapricho.uy\/wp-content\/uploads\/2023\/03\/Posada_aerea-02.jpg\" alt=\"\" data-id=\"334\" data-link=\"https:\/\/posadadecampoelcapricho.uy\/index.php\/location\/posada_aerea-02\/\"\/><\/div><div class=\"gutenbee-slideshow-item\"><img decoding=\"async\" src=\"https:\/\/posadadecampoelcapricho.uy\/wp-content\/uploads\/2023\/03\/Posada_aerea-04.jpg\" alt=\"\" data-id=\"336\" data-link=\"https:\/\/posadadecampoelcapricho.uy\/index.php\/location\/posada_aerea-04\/\"\/><\/div><div class=\"gutenbee-slideshow-item\"><img decoding=\"async\" src=\"https:\/\/posadadecampoelcapricho.uy\/wp-content\/uploads\/2023\/03\/Posada_aerea-06.jpg\" alt=\"\" data-id=\"338\" data-link=\"https:\/\/posadadecampoelcapricho.uy\/index.php\/location\/posada_aerea-06\/\"\/><\/div><div class=\"gutenbee-slideshow-item\"><img decoding=\"async\" src=\"https:\/\/posadadecampoelcapricho.uy\/wp-content\/uploads\/2023\/03\/Posada_aerea-07.jpg\" alt=\"\" data-id=\"339\" data-link=\"https:\/\/posadadecampoelcapricho.uy\/index.php\/location\/posada_aerea-07\/\"\/><\/div><\/div>\n\n\n\n<div id=\"block-bf7986-cfa0-45\" class=\"wp-block-gutenbee-divider block-bf7986-cfa0-45 align-center\" style=\"height:10px\"><div class=\"wp-block-gutenbee-divider-inner\" style=\"border-top-style:dashed;border-top-width:1px;border-top-color:#888888;width:20%\"><\/div><\/div>\n\n\n\n<h3 id=\"block-c2b68d-5c90-4f\" class=\"wp-block-gutenbee-heading block-c2b68d-5c90-4f\">Nuestra zona.<\/h3>\n\n\n\n<p id=\"block-92c7a0-c23a-45\" class=\"wp-block-gutenbee-paragraph block-92c7a0-c23a-45\">El extenso campo se destaca por su belleza natural entre sierras y ca\u00f1adas. Las magn\u00edficas tonalidades de verdes y sus interesantes formaciones rocosas ofrecen excelentes lugares para sentarse, descansar y apreciar del paisaje. El punto m\u00e1s visitado de la zona es el \u00c1rea Natural Protegida de la Quebrada de los Cuervos, un sitio que deslumbra al verlo. All\u00ed conviven m\u00e1s de 100 especies de aves, 20 mam\u00edferos, 18 anfibios y 20 clases de peces.<\/p>\n\n\n\n<div id=\"block-cdd349-0b52-4e\" class=\"wp-block-gutenbee-justified-gallery block-cdd349-0b52-4e wp-block-gutenbee-gallery-justified is-style-ignition-milos-border-image\" data-gallery-type=\"justified\" data-row-height=\"180\" data-margins=\"1\" data-last-row=\"justify\" data-randomize=\"false\"><div class=\"wp-block-gutenbee-gallery-content\"><div class=\"wp-block-gutenbee-gallery-item\"><img decoding=\"async\" src=\"https:\/\/posadadecampoelcapricho.uy\/wp-content\/uploads\/2023\/03\/Posada-Quebrada_aerea-03.jpg\" alt=\"\" data-id=\"340\" data-link=\"https:\/\/posadadecampoelcapricho.uy\/index.php\/location\/posada-quebrada_aerea-03\/\" data-source-url=\"https:\/\/posadadecampoelcapricho.uy\/wp-content\/uploads\/2023\/03\/Posada-Quebrada_aerea-03.jpg\" class=\"wp-block-gutenbee-gallery-item-image\"\/><\/div><div class=\"wp-block-gutenbee-gallery-item\"><img decoding=\"async\" src=\"https:\/\/posadadecampoelcapricho.uy\/wp-content\/uploads\/2023\/03\/Posada_aerea-03.jpg\" alt=\"\" data-id=\"335\" data-link=\"https:\/\/posadadecampoelcapricho.uy\/index.php\/location\/posada_aerea-03\/\" data-source-url=\"https:\/\/posadadecampoelcapricho.uy\/wp-content\/uploads\/2023\/03\/Posada_aerea-03.jpg\" class=\"wp-block-gutenbee-gallery-item-image\"\/><\/div><div class=\"wp-block-gutenbee-gallery-item\"><img decoding=\"async\" src=\"https:\/\/posadadecampoelcapricho.uy\/wp-content\/uploads\/2023\/03\/Posada_aerea-02.jpg\" alt=\"\" data-id=\"334\" data-link=\"https:\/\/posadadecampoelcapricho.uy\/index.php\/location\/posada_aerea-02\/\" data-source-url=\"https:\/\/posadadecampoelcapricho.uy\/wp-content\/uploads\/2023\/03\/Posada_aerea-02.jpg\" class=\"wp-block-gutenbee-gallery-item-image\"\/><\/div><\/div><\/div>\n\n\n\n<div id=\"block-884147-249f-47\" class=\"wp-block-gutenbee-divider block-884147-249f-47 align-center\" style=\"height:10px\"><style>.wp-block-gutenbee-divider.block-884147-249f-47 { margin-top: 45px; }<\/style><div class=\"wp-block-gutenbee-divider-inner\" style=\"border-top-style:dashed;border-top-width:1px;border-top-color:#888888;width:20%\"><\/div><\/div>\n\n\n\n<h3 id=\"block-6ecd26-bb3a-4c\" class=\"wp-block-gutenbee-heading block-6ecd26-bb3a-4c\">C\u00f3mo llegar?<\/h3>\n\n\n\n<p>La Posada de Campo El Capricho est\u00e1 situada a 46 kil\u00f3metros de la ciudad de Treinta y Tres, se accede desde la Ruta 8 km. 265 desvi\u00e1ndose hacia el oeste por el camino departamental Escuela N\u00ba 23, luego de 26 kil\u00f3metros hacia el Oeste donde encontrar\u00e1 a pocos metros el ingreso al casco principal. <\/p>\n\n\n\n<div id=\"block-7888b4-635b-41\" class=\"wp-block-gutenbee-container block-7888b4-635b-41\"><div class=\"wp-block-gutenbee-container-inner\"><div class=\"wp-block-gutenbee-container-row wp-block-gutenbee-container-lg\">\n<div class=\"wp-block-gutenbee-column block-deb614-eaf2-4f\"><style>.wp-block-gutenbee-column.block-deb614-eaf2-4f { flex-basis: 50%; }\n\n\n      @media (max-width: 991px) {\n        .wp-block-gutenbee-column.block-deb614-eaf2-4f > .wp-block-gutenbee-column-content { margin-bottom: 30px; }\n.wp-block-gutenbee-column.block-deb614-eaf2-4f { flex-basis: 100%; }\n      }\n    \n\n      @media (max-width: 575px) {\n        .wp-block-gutenbee-column.block-deb614-eaf2-4f { flex-basis: 100%; }\n      }<\/style><div class=\"wp-block-gutenbee-column-content\">\n<figure id=\"block-f66e90-b69a-4c\" class=\"wp-block-gutenbee-image block-f66e90-b69a-4c size-medium is-style-ci-theme-border-image is-style-ignition-aegean-border-image is-style-ignition-milos-border-image\"><img loading=\"lazy\" decoding=\"async\" width=\"1024\" height=\"576\" src=\"https:\/\/posadadecampoelcapricho.uy\/wp-content\/uploads\/2023\/03\/Posada_aerea-06-1024x576.jpg\" alt=\"\" class=\"wp-image-338\" srcset=\"https:\/\/posadadecampoelcapricho.uy\/wp-content\/uploads\/2023\/03\/Posada_aerea-06-1024x576.jpg 1024w, https:\/\/posadadecampoelcapricho.uy\/wp-content\/uploads\/2023\/03\/Posada_aerea-06-300x169.jpg 300w, https:\/\/posadadecampoelcapricho.uy\/wp-content\/uploads\/2023\/03\/Posada_aerea-06-768x432.jpg 768w, https:\/\/posadadecampoelcapricho.uy\/wp-content\/uploads\/2023\/03\/Posada_aerea-06.jpg 1280w\" sizes=\"auto, (max-width: 1024px) 100vw, 1024px\" \/><\/figure>\n<\/div><\/div>\n\n\n\n<div class=\"wp-block-gutenbee-column block-83877a-b82d-4c\"><style>.wp-block-gutenbee-column.block-83877a-b82d-4c > .wp-block-gutenbee-column-content { justify-content: center; }\n.wp-block-gutenbee-column.block-83877a-b82d-4c { flex-basis: 50%; }\n\n\n      @media (max-width: 991px) {\n        .wp-block-gutenbee-column.block-83877a-b82d-4c { flex-basis: 100%; }\n      }\n    \n\n      @media (max-width: 575px) {\n        .wp-block-gutenbee-column.block-83877a-b82d-4c { flex-basis: 100%; }\n      }<\/style><div class=\"wp-block-gutenbee-column-content\">\n<h4 id=\"block-ed2551-81b7-48\" class=\"wp-block-gutenbee-heading block-ed2551-81b7-48\">Vista a\u00e9rea del casco ubicado en la elevaci\u00f3n del cerro.<\/h4>\n\n\n\n<p id=\"block-3dbf5b-dd9f-4a\" class=\"wp-block-gutenbee-paragraph block-3dbf5b-dd9f-4a\">Ingreso en balastro firme, luego de pasar por la entrada de la Quebrada de los Cuervos a tan s\u00f3lo 5 minutos se encuentra el acceso a la Posada.<\/p>\n<\/div><\/div>\n<\/div><\/div><div class=\"wp-block-gutenbee-container-background\" data-parallax-speed=\"0.3\"><\/div><\/div>\n","protected":false},"excerpt":{"rendered":"<p>Historia e informaci\u00f3n de El Capricho<\/p>\n","protected":false},"author":1,"featured_media":0,"parent":0,"menu_order":0,"comment_status":"closed","ping_status":"closed","template":"templates\/template-fullwidth-narrow.php","meta":{"_joinchat":[],"footnotes":""},"class_list":["post-113","page","type-page","status-publish","hentry"],"yoast_head":"<!-- This site is optimized with the Yoast SEO plugin v23.8 - https:\/\/yoast.com\/wordpress\/plugins\/seo\/ -->\n<title>Ubicaci\u00f3n -<\/title>\n<meta name=\"robots\" content=\"index, follow, max-snippet:-1, max-image-preview:large, max-video-preview:-1\" \/>\n<link rel=\"canonical\" href=\"https:\/\/posadadecampoelcapricho.uy\/index.php\/location\/\" \/>\n<meta property=\"og:locale\" content=\"es_ES\" \/>\n<meta property=\"og:type\" content=\"article\" \/>\n<meta property=\"og:title\" content=\"Ubicaci\u00f3n -\" \/>\n<meta property=\"og:description\" content=\"Historia e informaci\u00f3n de El Capricho\" \/>\n<meta property=\"og:url\" content=\"https:\/\/posadadecampoelcapricho.uy\/index.php\/location\/\" \/>\n<meta property=\"article:modified_time\" content=\"2023-04-01T18:55:36+00:00\" \/>\n<meta property=\"og:image\" content=\"https:\/\/posadadecampoelcapricho.uy\/wp-content\/uploads\/2023\/03\/About-Posada-1024x576.jpg\" \/>\n<meta name=\"twitter:card\" content=\"summary_large_image\" \/>\n<meta name=\"twitter:label1\" content=\"Tiempo de lectura\" \/>\n\t<meta name=\"twitter:data1\" content=\"4 minutos\" \/>\n<script type=\"application\/ld+json\" class=\"yoast-schema-graph\">{\"@context\":\"https:\/\/schema.org\",\"@graph\":[{\"@type\":\"WebPage\",\"@id\":\"https:\/\/posadadecampoelcapricho.uy\/index.php\/location\/\",\"url\":\"https:\/\/posadadecampoelcapricho.uy\/index.php\/location\/\",\"name\":\"Ubicaci\u00f3n -\",\"isPartOf\":{\"@id\":\"https:\/\/posadadecampoelcapricho.uy\/#website\"},\"primaryImageOfPage\":{\"@id\":\"https:\/\/posadadecampoelcapricho.uy\/index.php\/location\/#primaryimage\"},\"image\":{\"@id\":\"https:\/\/posadadecampoelcapricho.uy\/index.php\/location\/#primaryimage\"},\"thumbnailUrl\":\"https:\/\/posadadecampoelcapricho.uy\/wp-content\/uploads\/2023\/03\/About-Posada-1024x576.jpg\",\"datePublished\":\"2021-04-21T00:54:33+00:00\",\"dateModified\":\"2023-04-01T18:55:36+00:00\",\"breadcrumb\":{\"@id\":\"https:\/\/posadadecampoelcapricho.uy\/index.php\/location\/#breadcrumb\"},\"inLanguage\":\"es\",\"potentialAction\":[{\"@type\":\"ReadAction\",\"target\":[\"https:\/\/posadadecampoelcapricho.uy\/index.php\/location\/\"]}]},{\"@type\":\"ImageObject\",\"inLanguage\":\"es\",\"@id\":\"https:\/\/posadadecampoelcapricho.uy\/index.php\/location\/#primaryimage\",\"url\":\"https:\/\/posadadecampoelcapricho.uy\/wp-content\/uploads\/2023\/03\/About-Posada.jpg\",\"contentUrl\":\"https:\/\/posadadecampoelcapricho.uy\/wp-content\/uploads\/2023\/03\/About-Posada.jpg\",\"width\":1920,\"height\":1080},{\"@type\":\"BreadcrumbList\",\"@id\":\"https:\/\/posadadecampoelcapricho.uy\/index.php\/location\/#breadcrumb\",\"itemListElement\":[{\"@type\":\"ListItem\",\"position\":1,\"name\":\"Portada\",\"item\":\"https:\/\/posadadecampoelcapricho.uy\/\"},{\"@type\":\"ListItem\",\"position\":2,\"name\":\"Ubicaci\u00f3n\"}]},{\"@type\":\"WebSite\",\"@id\":\"https:\/\/posadadecampoelcapricho.uy\/#website\",\"url\":\"https:\/\/posadadecampoelcapricho.uy\/\",\"name\":\"\",\"description\":\"\",\"potentialAction\":[{\"@type\":\"SearchAction\",\"target\":{\"@type\":\"EntryPoint\",\"urlTemplate\":\"https:\/\/posadadecampoelcapricho.uy\/?s={search_term_string}\"},\"query-input\":{\"@type\":\"PropertyValueSpecification\",\"valueRequired\":true,\"valueName\":\"search_term_string\"}}],\"inLanguage\":\"es\"}]}<\/script>\n<!-- \/ Yoast SEO plugin. -->","yoast_head_json":{"title":"Ubicaci\u00f3n -","robots":{"index":"index","follow":"follow","max-snippet":"max-snippet:-1","max-image-preview":"max-image-preview:large","max-video-preview":"max-video-preview:-1"},"canonical":"https:\/\/posadadecampoelcapricho.uy\/index.php\/location\/","og_locale":"es_ES","og_type":"article","og_title":"Ubicaci\u00f3n -","og_description":"Historia e informaci\u00f3n de El Capricho","og_url":"https:\/\/posadadecampoelcapricho.uy\/index.php\/location\/","article_modified_time":"2023-04-01T18:55:36+00:00","og_image":[{"url":"https:\/\/posadadecampoelcapricho.uy\/wp-content\/uploads\/2023\/03\/About-Posada-1024x576.jpg"}],"twitter_card":"summary_large_image","twitter_misc":{"Tiempo de lectura":"4 minutos"},"schema":{"@context":"https:\/\/schema.org","@graph":[{"@type":"WebPage","@id":"https:\/\/posadadecampoelcapricho.uy\/index.php\/location\/","url":"https:\/\/posadadecampoelcapricho.uy\/index.php\/location\/","name":"Ubicaci\u00f3n -","isPartOf":{"@id":"https:\/\/posadadecampoelcapricho.uy\/#website"},"primaryImageOfPage":{"@id":"https:\/\/posadadecampoelcapricho.uy\/index.php\/location\/#primaryimage"},"image":{"@id":"https:\/\/posadadecampoelcapricho.uy\/index.php\/location\/#primaryimage"},"thumbnailUrl":"https:\/\/posadadecampoelcapricho.uy\/wp-content\/uploads\/2023\/03\/About-Posada-1024x576.jpg","datePublished":"2021-04-21T00:54:33+00:00","dateModified":"2023-04-01T18:55:36+00:00","breadcrumb":{"@id":"https:\/\/posadadecampoelcapricho.uy\/index.php\/location\/#breadcrumb"},"inLanguage":"es","potentialAction":[{"@type":"ReadAction","target":["https:\/\/posadadecampoelcapricho.uy\/index.php\/location\/"]}]},{"@type":"ImageObject","inLanguage":"es","@id":"https:\/\/posadadecampoelcapricho.uy\/index.php\/location\/#primaryimage","url":"https:\/\/posadadecampoelcapricho.uy\/wp-content\/uploads\/2023\/03\/About-Posada.jpg","contentUrl":"https:\/\/posadadecampoelcapricho.uy\/wp-content\/uploads\/2023\/03\/About-Posada.jpg","width":1920,"height":1080},{"@type":"BreadcrumbList","@id":"https:\/\/posadadecampoelcapricho.uy\/index.php\/location\/#breadcrumb","itemListElement":[{"@type":"ListItem","position":1,"name":"Portada","item":"https:\/\/posadadecampoelcapricho.uy\/"},{"@type":"ListItem","position":2,"name":"Ubicaci\u00f3n"}]},{"@type":"WebSite","@id":"https:\/\/posadadecampoelcapricho.uy\/#website","url":"https:\/\/posadadecampoelcapricho.uy\/","name":"","description":"","potentialAction":[{"@type":"SearchAction","target":{"@type":"EntryPoint","urlTemplate":"https:\/\/posadadecampoelcapricho.uy\/?s={search_term_string}"},"query-input":{"@type":"PropertyValueSpecification","valueRequired":true,"valueName":"search_term_string"}}],"inLanguage":"es"}]}},"_links":{"self":[{"href":"https:\/\/posadadecampoelcapricho.uy\/index.php\/wp-json\/wp\/v2\/pages\/113","targetHints":{"allow":["GET"]}}],"collection":[{"href":"https:\/\/posadadecampoelcapricho.uy\/index.php\/wp-json\/wp\/v2\/pages"}],"about":[{"href":"https:\/\/posadadecampoelcapricho.uy\/index.php\/wp-json\/wp\/v2\/types\/page"}],"author":[{"embeddable":true,"href":"https:\/\/posadadecampoelcapricho.uy\/index.php\/wp-json\/wp\/v2\/users\/1"}],"replies":[{"embeddable":true,"href":"https:\/\/posadadecampoelcapricho.uy\/index.php\/wp-json\/wp\/v2\/comments?post=113"}],"version-history":[{"count":12,"href":"https:\/\/posadadecampoelcapricho.uy\/index.php\/wp-json\/wp\/v2\/pages\/113\/revisions"}],"predecessor-version":[{"id":466,"href":"https:\/\/posadadecampoelcapricho.uy\/index.php\/wp-json\/wp\/v2\/pages\/113\/revisions\/466"}],"wp:attachment":[{"href":"https:\/\/posadadecampoelcapricho.uy\/index.php\/wp-json\/wp\/v2\/media?parent=113"}],"curies":[{"name":"wp","href":"https:\/\/api.w.org\/{rel}","templated":true}]}}